{"id":846,"date":"2020-09-17T08:58:29","date_gmt":"2020-09-17T08:58:29","guid":{"rendered":"https:\/\/cruzbarbershop2020.com\/?page_id=846"},"modified":"2026-04-20T19:57:19","modified_gmt":"2026-04-20T23:57:19","slug":"quienes-somos","status":"publish","type":"page","link":"https:\/\/cruzbarbershop2020.com\/es\/quienes-somos\/","title":{"rendered":"Qui\u00e9nes Somos"},"content":{"rendered":"<div data-elementor-type=\"wp-page\" data-elementor-id=\"846\" class=\"elementor elementor-846\">\n\t\t\t\t\t\t<section class=\"elementor-section elementor-top-section elementor-element elementor-element-be6be50 elementor-section-boxed elementor-section-height-default elementor-section-height-default\" data-id=\"be6be50\" data-element_type=\"section\">\n\t\t\t\t\t\t<div class=\"elementor-container elementor-column-gap-default\">\n\t\t\t\t\t<div class=\"elementor-column elementor-col-100 elementor-top-column elementor-element elementor-element-56c69a3\" data-id=\"56c69a3\" data-element_type=\"column\">\n\t\t\t<div class=\"elementor-widget-wrap elementor-element-populated\">\n\t\t\t\t\t\t<div class=\"elementor-element elementor-element-23237be elementor-widget elementor-widget-heading bdevs-el heading\" data-id=\"23237be\" data-element_type=\"widget\" data-settings=\"{&quot;design_style&quot;:&quot;style_1&quot;}\" data-widget_type=\"heading.default\">\n\t\t\t\t<div class=\"elementor-widget-container\">\n\t\t\t\n        \t\t    <div class=\"section-title\">\n\t\t\t    \t\t\t        <span class=\"small-title\">\n\t\t\t\t\t    Quienes Somos\t\t\t\t    <\/span>\n\t\t\t    \n\t\t\t    <h1 class=\"title-heading d-block\">Un Lugar Perfecto<\/h1>\t\t\t\t\t\t\t        <img decoding=\"async\" src=\"https:\/\/cruzbarbershop2020.com\/wp-content\/uploads\/2023\/08\/sep.png\" alt=\"Cruz Barber Shop - Separator\">\n\t\t\t\t\t\t    <\/div>\n        \n        \t\t<\/div>\n\t\t\t\t<\/div>\n\t\t\t\t<div class=\"elementor-element elementor-element-cae09f7 elementor-widget elementor-widget-text-editor\" data-id=\"cae09f7\" data-element_type=\"widget\" data-widget_type=\"text-editor.default\">\n\t\t\t\t<div class=\"elementor-widget-container\">\n\t\t\t\t\t\t\tDesde la peluquer\u00eda Cruz damos la bienvenida a todos nuestros clientes para que vengan y obtengan un gran servicio, un gran ambiente amistoso, con incre\u00edbles peluqueros profesionales.\t\t\t\t\t\t<\/div>\n\t\t\t\t<\/div>\n\t\t\t\t<div class=\"elementor-element elementor-element-1e502a7 elementor-widget elementor-widget-text-editor\" data-id=\"1e502a7\" data-element_type=\"widget\" data-widget_type=\"text-editor.default\">\n\t\t\t\t<div class=\"elementor-widget-container\">\n\t\t\t\t\t\t\tEn Cruz Barber shop trascendemos m\u00e1s all\u00e1 de las tijeras y las navajas. Somos un santuario de la tradici\u00f3n de la barber\u00eda fusionada con la modernidad. Nuestra historia est\u00e1 tejida con el compromiso de perfeccionar el arte del corte de cabello y la experiencia del cliente. En cada sill\u00f3n se respira la pasi\u00f3n por la barber\u00eda, ofreciendo no s\u00f3lo servicios de calidad, sino tambi\u00e9n un ambiente acogedor y familiar. Valoramos la conexi\u00f3n humana que se forma en cada sesi\u00f3n, entendiendo que un corte de cabello es m\u00e1s que un simple cambio de apariencia; es una expresi\u00f3n de individualidad. \t\t\t\t\t\t<\/div>\n\t\t\t\t<\/div>\n\t\t\t\t<div class=\"elementor-element elementor-element-dabc38c elementor-widget elementor-widget-text-editor\" data-id=\"dabc38c\" data-element_type=\"widget\" data-widget_type=\"text-editor.default\">\n\t\t\t\t<div class=\"elementor-widget-container\">\n\t\t\t\t\t\t\tAdem\u00e1s, en <a href=\"https:\/\/maps.app.goo.gl\/598iZtkARvFu2dC18\" target=\"_blank\" rel=\"noopener\">Cruz Barber Shop<\/a>, cada uno de nuestros barberos es un artista dedicado, maestros en su oficio, listos para transformar tu estilo y elevar tu confianza. Por eso, \u00fanete a nosotros en un viaje donde la tradici\u00f3n se encuentra con la innovaci\u00f3n, y cada visita a nuestra barber\u00eda sea una experiencia \u00fanica y personalizada. \u00a1H<a href=\"\/es\/contact-us\/\">oy y descubre la diferencia en Cruz Barber Shop!<\/a>\t\t\t\t\t\t<\/div>\n\t\t\t\t<\/div>\n\t\t\t\t\t<\/div>\n\t\t<\/div>\n\t\t\t\t\t<\/div>\n\t\t<\/section>\n\t\t\t\t<section class=\"elementor-section elementor-top-section elementor-element elementor-element-c99c14c elementor-section-boxed elementor-section-height-default elementor-section-height-default\" data-id=\"c99c14c\" data-element_type=\"section\">\n\t\t\t\t\t\t<div class=\"elementor-container elementor-column-gap-default\">\n\t\t\t\t\t<div class=\"elementor-column elementor-col-100 elementor-top-column elementor-element elementor-element-ee35378\" data-id=\"ee35378\" data-element_type=\"column\">\n\t\t\t<div class=\"elementor-widget-wrap elementor-element-populated\">\n\t\t\t\t\t\t<div class=\"elementor-element elementor-element-46da486 elementor-widget elementor-widget-heading bdevs-el heading\" data-id=\"46da486\" data-element_type=\"widget\" data-settings=\"{&quot;design_style&quot;:&quot;style_1&quot;}\" data-widget_type=\"heading.default\">\n\t\t\t\t<div class=\"elementor-widget-container\">\n\t\t\t\n        \t\t    <div class=\"section-title\">\n\t\t\t    \t\t\t        <span class=\"small-title\">\n\t\t\t\t\t    Qui\u00e9nes Somos\t\t\t\t    <\/span>\n\t\t\t    \n\t\t\t    <h1 class=\"title-heading d-block\">Estilos de cabello<br>M\u00e1s Solicitados<\/h1>\t\t\t\t\t\t\t        <img decoding=\"async\" src=\"https:\/\/cruzbarbershop2020.com\/wp-content\/uploads\/2023\/08\/sep.png\" alt=\"Cruz Barber Shop - Separator\">\n\t\t\t\t\t\t    <\/div>\n        \n        \t\t<\/div>\n\t\t\t\t<\/div>\n\t\t\t\t<section class=\"elementor-section elementor-inner-section elementor-element elementor-element-0c4fd38 elementor-section-boxed elementor-section-height-default elementor-section-height-default\" data-id=\"0c4fd38\" data-element_type=\"section\">\n\t\t\t\t\t\t<div class=\"elementor-container elementor-column-gap-default\">\n\t\t\t\t\t<div class=\"elementor-column elementor-col-50 elementor-inner-column elementor-element elementor-element-9399def\" data-id=\"9399def\" data-element_type=\"column\">\n\t\t\t<div class=\"elementor-widget-wrap elementor-element-populated\">\n\t\t\t\t\t\t<div class=\"elementor-element elementor-element-c5eed1c elementor-align-left elementor-icon-list--layout-traditional elementor-list-item-link-full_width elementor-widget elementor-widget-icon-list\" data-id=\"c5eed1c\" data-element_type=\"widget\" data-widget_type=\"icon-list.default\">\n\t\t\t\t<div class=\"elementor-widget-container\">\n\t\t\t\t\t<ul class=\"elementor-icon-list-items\">\n\t\t\t\t\t\t\t<li class=\"elementor-icon-list-item\">\n\t\t\t\t\t\t\t\t\t\t\t<span class=\"elementor-icon-list-icon\">\n\t\t\t\t\t\t\t<i aria-hidden=\"true\" class=\"fas fa-check\"><\/i>\t\t\t\t\t\t<\/span>\n\t\t\t\t\t\t\t\t\t\t<span class=\"elementor-icon-list-text\">Corte de Cabello para Ni\u00f1os<\/span>\n\t\t\t\t\t\t\t\t\t<\/li>\n\t\t\t\t\t\t\t\t<li class=\"elementor-icon-list-item\">\n\t\t\t\t\t\t\t\t\t\t\t<span class=\"elementor-icon-list-icon\">\n\t\t\t\t\t\t\t<i aria-hidden=\"true\" class=\"fas fa-check\"><\/i>\t\t\t\t\t\t<\/span>\n\t\t\t\t\t\t\t\t\t\t<span class=\"elementor-icon-list-text\">Corte de Cabello para Hombre<\/span>\n\t\t\t\t\t\t\t\t\t<\/li>\n\t\t\t\t\t\t\t\t<li class=\"elementor-icon-list-item\">\n\t\t\t\t\t\t\t\t\t\t\t<span class=\"elementor-icon-list-icon\">\n\t\t\t\t\t\t\t<i aria-hidden=\"true\" class=\"fas fa-check\"><\/i>\t\t\t\t\t\t<\/span>\n\t\t\t\t\t\t\t\t\t\t<span class=\"elementor-icon-list-text\">Coloramiento de Cabello<\/span>\n\t\t\t\t\t\t\t\t\t<\/li>\n\t\t\t\t\t\t\t\t<li class=\"elementor-icon-list-item\">\n\t\t\t\t\t\t\t\t\t\t\t<span class=\"elementor-icon-list-icon\">\n\t\t\t\t\t\t\t<i aria-hidden=\"true\" class=\"fas fa-check\"><\/i>\t\t\t\t\t\t<\/span>\n\t\t\t\t\t\t\t\t\t\t<span class=\"elementor-icon-list-text\">Rayos Parciales<\/span>\n\t\t\t\t\t\t\t\t\t<\/li>\n\t\t\t\t\t\t\t\t<li class=\"elementor-icon-list-item\">\n\t\t\t\t\t\t\t\t\t\t\t<span class=\"elementor-icon-list-icon\">\n\t\t\t\t\t\t\t<i aria-hidden=\"true\" class=\"fas fa-check\"><\/i>\t\t\t\t\t\t<\/span>\n\t\t\t\t\t\t\t\t\t\t<span class=\"elementor-icon-list-text\">Tratamiento de Relajaci\u00f3n Capilar<\/span>\n\t\t\t\t\t\t\t\t\t<\/li>\n\t\t\t\t\t\t\t\t<li class=\"elementor-icon-list-item\">\n\t\t\t\t\t\t\t\t\t\t\t<span class=\"elementor-icon-list-icon\">\n\t\t\t\t\t\t\t<i aria-hidden=\"true\" class=\"fas fa-check\"><\/i>\t\t\t\t\t\t<\/span>\n\t\t\t\t\t\t\t\t\t\t<span class=\"elementor-icon-list-text\">Dar Forma Cabello<\/span>\n\t\t\t\t\t\t\t\t\t<\/li>\n\t\t\t\t\t\t<\/ul>\n\t\t\t\t<\/div>\n\t\t\t\t<\/div>\n\t\t\t\t\t<\/div>\n\t\t<\/div>\n\t\t\t\t<div class=\"elementor-column elementor-col-50 elementor-inner-column elementor-element elementor-element-3c3eab2\" data-id=\"3c3eab2\" data-element_type=\"column\">\n\t\t\t<div class=\"elementor-widget-wrap elementor-element-populated\">\n\t\t\t\t\t\t<div class=\"elementor-element elementor-element-d946e8f elementor-widget elementor-widget-image\" data-id=\"d946e8f\" data-element_type=\"widget\" data-widget_type=\"image.default\">\n\t\t\t\t<div class=\"elementor-widget-container\">\n\t\t\t\t\t\t\t\t\t\t\t\t\t\t<a href=\"https:\/\/cruzbarbershop2020.com\/wp-content\/uploads\/2024\/11\/team.jpeg\" data-elementor-open-lightbox=\"yes\" data-elementor-lightbox-title=\"team\" data-e-action-hash=\"#elementor-action%3Aaction%3Dlightbox%26settings%3DeyJpZCI6MTM2OCwidXJsIjoiaHR0cHM6XC9cL2NydXpiYXJiZXJzaG9wMjAyMC5jb21cL3dwLWNvbnRlbnRcL3VwbG9hZHNcLzIwMjRcLzExXC90ZWFtLmpwZWcifQ%3D%3D\">\n\t\t\t\t\t\t\t<img fetchpriority=\"high\" decoding=\"async\" width=\"640\" height=\"480\" src=\"https:\/\/cruzbarbershop2020.com\/wp-content\/uploads\/2024\/11\/team-1024x768.jpeg\" class=\"attachment-large size-large wp-image-1368\" alt=\"Team\" srcset=\"https:\/\/cruzbarbershop2020.com\/wp-content\/uploads\/2024\/11\/team-1024x768.jpeg 1024w, https:\/\/cruzbarbershop2020.com\/wp-content\/uploads\/2024\/11\/team-300x225.jpeg 300w, https:\/\/cruzbarbershop2020.com\/wp-content\/uploads\/2024\/11\/team-768x576.jpeg 768w, https:\/\/cruzbarbershop2020.com\/wp-content\/uploads\/2024\/11\/team-16x12.jpeg 16w, https:\/\/cruzbarbershop2020.com\/wp-content\/uploads\/2024\/11\/team.jpeg 1280w\" sizes=\"(max-width: 640px) 100vw, 640px\" \/>\t\t\t\t\t\t\t\t<\/a>\n\t\t\t\t\t\t\t\t\t\t\t\t\t<\/div>\n\t\t\t\t<\/div>\n\t\t\t\t\t<\/div>\n\t\t<\/div>\n\t\t\t\t\t<\/div>\n\t\t<\/section>\n\t\t\t\t\t<\/div>\n\t\t<\/div>\n\t\t\t\t\t<\/div>\n\t\t<\/section>\n\t\t\t\t<\/div>","protected":false},"excerpt":{"rendered":"<p>Quienes Somos Un Lugar Perfecto Desde la peluquer\u00eda Cruz damos la bienvenida a todos nuestros clientes para que vengan y obtengan un gran servicio, un gran ambiente amistoso, con incre\u00edbles peluqueros profesionales.En Cruz Barber shop trascendemos m\u00e1s all\u00e1 de las tijeras y las navajas. Somos un santuario de la tradici\u00f3n de la barber\u00eda fusionada con [&hellip;]<\/p>\n","protected":false},"author":2,"featured_media":0,"parent":0,"menu_order":0,"comment_status":"closed","ping_status":"closed","template":"elementor_header_footer","meta":{"_acf_changed":false,"footnotes":""},"class_list":["post-846","page","type-page","status-publish","hentry"],"acf":[],"_links":{"self":[{"href":"https:\/\/cruzbarbershop2020.com\/es\/wp-json\/wp\/v2\/pages\/846","targetHints":{"allow":["GET"]}}],"collection":[{"href":"https:\/\/cruzbarbershop2020.com\/es\/wp-json\/wp\/v2\/pages"}],"about":[{"href":"https:\/\/cruzbarbershop2020.com\/es\/wp-json\/wp\/v2\/types\/page"}],"author":[{"embeddable":true,"href":"https:\/\/cruzbarbershop2020.com\/es\/wp-json\/wp\/v2\/users\/2"}],"replies":[{"embeddable":true,"href":"https:\/\/cruzbarbershop2020.com\/es\/wp-json\/wp\/v2\/comments?post=846"}],"version-history":[{"count":42,"href":"https:\/\/cruzbarbershop2020.com\/es\/wp-json\/wp\/v2\/pages\/846\/revisions"}],"predecessor-version":[{"id":1443,"href":"https:\/\/cruzbarbershop2020.com\/es\/wp-json\/wp\/v2\/pages\/846\/revisions\/1443"}],"wp:attachment":[{"href":"https:\/\/cruzbarbershop2020.com\/es\/wp-json\/wp\/v2\/media?parent=846"}],"curies":[{"name":"wp","href":"https:\/\/api.w.org\/{rel}","templated":true}]}}