{"id":782,"date":"2020-09-17T08:57:52","date_gmt":"2020-09-17T08:57:52","guid":{"rendered":"https:\/\/cruzbarbershop2020.com\/?page_id=782"},"modified":"2025-08-05T15:30:19","modified_gmt":"2025-08-05T19:30:19","slug":"inicio","status":"publish","type":"page","link":"https:\/\/cruzbarbershop2020.com\/es\/","title":{"rendered":"Inicio Cruz barber Shop"},"content":{"rendered":"<div data-elementor-type=\"wp-page\" data-elementor-id=\"782\" class=\"elementor elementor-782\">\n\t\t\t\t\t\t<section class=\"elementor-section elementor-top-section elementor-element elementor-element-74ee943d elementor-section-full_width elementor-section-height-default elementor-section-height-default\" data-id=\"74ee943d\" data-element_type=\"section\">\n\t\t\t\t\t\t<div class=\"elementor-container elementor-column-gap-no\">\n\t\t\t\t\t<div class=\"elementor-column elementor-col-100 elementor-top-column elementor-element elementor-element-3a29d89e\" data-id=\"3a29d89e\" data-element_type=\"column\">\n\t\t\t<div class=\"elementor-widget-wrap elementor-element-populated\">\n\t\t\t\t\t\t<div class=\"elementor-element elementor-element-2700db3b elementor-widget elementor-widget-slider bdevs-el slider\" data-id=\"2700db3b\" data-element_type=\"widget\" data-settings=\"{&quot;design_style&quot;:&quot;style_2&quot;,&quot;fade&quot;:&quot;yes&quot;,&quot;navigation&quot;:&quot;both&quot;,&quot;autoplay&quot;:&quot;yes&quot;,&quot;autoplay_speed&quot;:3000,&quot;slidetoshow&quot;:1,&quot;loop&quot;:&quot;yes&quot;}\" data-widget_type=\"slider.default\">\n\t\t\t\t<div class=\"elementor-widget-container\">\n\t\t\t\n\t\t\n\t\t<section class=\"slider-area hp-1 slider-settings\" data-settings='{\"id\":16940295,\"autoplay\":true,\"arrows\":true,\"dots\":true,\"fade\":true,\"autoplaySpeed\":3000,\"slidesToShow\":1,\"infinite\":true}'>\n\t\t\t<div class=\"slider-active\">\n\t\t\t\t\t\t\t\t\t<div class=\"single-slider hp-1 d-flex align-items-center justify-content-center\"\n\t\t\t\t\t     style=\"background-image: url(https:\/\/cruzbarbershop2020.com\/wp-content\/uploads\/2023\/08\/slide1.jpg)\">\n\t\t\t\t\t\t<div class=\"container\">\n\t\t\t\t\t\t\t<div class=\"slider-content hp-1\">\n\t\t\t\t\t\t\t\t\n\t\t\t\t\t\t\t\t\n\t\t\t\t\t\t\t\t<div class=\"slider-btn hp-1\">\n\t\t\t\t\t\t\t\t\t<!-- button one  -->\n\t\t\t\t\t\t\t\t\t\n\t\t\t\t\t\t\t\t\t<!-- button two  -->\n\t\t\t\t\t\t\t\t\t\n\t\t\t\t\t\t\t\t<\/div>\n\t\t\t\t\t\t\t<\/div>\n\t\t\t\t\t\t<\/div>\n\t\t\t\t\t<\/div>\n\t\t\t\t\t\t\t\t\t<div class=\"single-slider hp-1 d-flex align-items-center justify-content-center\"\n\t\t\t\t\t     style=\"background-image: url(https:\/\/cruzbarbershop2020.com\/wp-content\/uploads\/2023\/08\/slide03-scaled.jpg)\">\n\t\t\t\t\t\t<div class=\"container\">\n\t\t\t\t\t\t\t<div class=\"slider-content hp-1\">\n\t\t\t\t\t\t\t\t\n\t\t\t\t\t\t\t\t\n\t\t\t\t\t\t\t\t<div class=\"slider-btn hp-1\">\n\t\t\t\t\t\t\t\t\t<!-- button one  -->\n\t\t\t\t\t\t\t\t\t\n\t\t\t\t\t\t\t\t\t<!-- button two  -->\n\t\t\t\t\t\t\t\t\t\n\t\t\t\t\t\t\t\t<\/div>\n\t\t\t\t\t\t\t<\/div>\n\t\t\t\t\t\t<\/div>\n\t\t\t\t\t<\/div>\n\t\t\t\t\t\t\t\t\t<div class=\"single-slider hp-1 d-flex align-items-center justify-content-center\"\n\t\t\t\t\t     style=\"background-image: url(https:\/\/cruzbarbershop2020.com\/wp-content\/uploads\/2024\/11\/team.jpeg)\">\n\t\t\t\t\t\t<div class=\"container\">\n\t\t\t\t\t\t\t<div class=\"slider-content hp-1\">\n\t\t\t\t\t\t\t\t\n\t\t\t\t\t\t\t\t\n\t\t\t\t\t\t\t\t<div class=\"slider-btn hp-1\">\n\t\t\t\t\t\t\t\t\t<!-- button one  -->\n\t\t\t\t\t\t\t\t\t\n\t\t\t\t\t\t\t\t\t<!-- button two  -->\n\t\t\t\t\t\t\t\t\t\n\t\t\t\t\t\t\t\t<\/div>\n\t\t\t\t\t\t\t<\/div>\n\t\t\t\t\t\t<\/div>\n\t\t\t\t\t<\/div>\n\t\t\t\t\t\t\t<\/div>\n\t\t<\/section>\n\n\t\t\t<\/div>\n\t\t\t\t<\/div>\n\t\t\t\t\t<\/div>\n\t\t<\/div>\n\t\t\t\t\t<\/div>\n\t\t<\/section>\n\t\t\t\t<section class=\"elementor-section elementor-top-section elementor-element elementor-element-41d8cac8 elementor-section-boxed elementor-section-height-default elementor-section-height-default\" data-id=\"41d8cac8\" data-element_type=\"section\">\n\t\t\t\t\t\t<div class=\"elementor-container elementor-column-gap-default\">\n\t\t\t\t\t<div class=\"elementor-column elementor-col-33 elementor-top-column elementor-element elementor-element-dbe459e elementor-hidden-mobile\" data-id=\"dbe459e\" data-element_type=\"column\">\n\t\t\t<div class=\"elementor-widget-wrap elementor-element-populated\">\n\t\t\t\t\t\t<div class=\"elementor-element elementor-element-e543876 elementor-widget elementor-widget-html\" data-id=\"e543876\" data-element_type=\"widget\" data-widget_type=\"html.default\">\n\t\t\t\t<div class=\"elementor-widget-container\">\n\t\t\t<div class=\"bbp\"><\/div>\t\t<\/div>\n\t\t\t\t<\/div>\n\t\t\t\t\t<\/div>\n\t\t<\/div>\n\t\t\t\t<div class=\"elementor-column elementor-col-33 elementor-top-column elementor-element elementor-element-132b9002\" data-id=\"132b9002\" data-element_type=\"column\">\n\t\t\t<div class=\"elementor-widget-wrap elementor-element-populated\">\n\t\t\t\t\t\t<div class=\"elementor-element elementor-element-30c68c14 elementor-widget elementor-widget-heading bdevs-el heading\" data-id=\"30c68c14\" data-element_type=\"widget\" data-settings=\"{&quot;design_style&quot;:&quot;style_1&quot;}\" data-widget_type=\"heading.default\">\n\t\t\t\t<div class=\"elementor-widget-container\">\n\t\t\t\n        \t\t    <div class=\"section-title\">\n\t\t\t    \t\t\t        <span class=\"small-title\">\n\t\t\t\t\t    Acerca de Cruz Barber Shop\t\t\t\t    <\/span>\n\t\t\t    \n\t\t\t    <h2 class=\"title-heading d-block\">Un Lugar Perfecto<\/h2>\t\t\t\t\t\t\t        <img decoding=\"async\" src=\"https:\/\/cruzbarbershop2020.com\/wp-content\/uploads\/2023\/08\/sep.png\" alt=\"Cruz Barber Shop - Separator\">\n\t\t\t\t\t\t    <\/div>\n        \n        \t\t<\/div>\n\t\t\t\t<\/div>\n\t\t\t\t<div class=\"elementor-element elementor-element-f5f48e8 elementor-widget elementor-widget-text-editor\" data-id=\"f5f48e8\" data-element_type=\"widget\" data-widget_type=\"text-editor.default\">\n\t\t\t\t<div class=\"elementor-widget-container\">\n\t\t\t\t\t\t\t<p>Desde Cruz Barber Shop damos la bienvenida a todos nuestros clientes para que vengan y obtengan un gran servicio. Un gran ambiente amistoso, con incre\u00edbles peluqueros profesionales.<\/p>\t\t\t\t\t\t<\/div>\n\t\t\t\t<\/div>\n\t\t\t\t\t<\/div>\n\t\t<\/div>\n\t\t\t\t<div class=\"elementor-column elementor-col-33 elementor-top-column elementor-element elementor-element-2a4a380f\" data-id=\"2a4a380f\" data-element_type=\"column\">\n\t\t\t<div class=\"elementor-widget-wrap elementor-element-populated\">\n\t\t\t\t\t\t<div class=\"elementor-element elementor-element-50ef686 elementor-widget elementor-widget-image\" data-id=\"50ef686\" data-element_type=\"widget\" data-widget_type=\"image.default\">\n\t\t\t\t<div class=\"elementor-widget-container\">\n\t\t\t\t\t\t\t\t\t\t\t\t\t\t<a href=\"https:\/\/cruzbarbershop2020.com\/wp-content\/uploads\/2024\/11\/team.jpeg\" data-elementor-open-lightbox=\"yes\" data-elementor-lightbox-title=\"team\" data-e-action-hash=\"#elementor-action%3Aaction%3Dlightbox%26settings%3DeyJpZCI6MTM2OCwidXJsIjoiaHR0cHM6XC9cL2NydXpiYXJiZXJzaG9wMjAyMC5jb21cL3dwLWNvbnRlbnRcL3VwbG9hZHNcLzIwMjRcLzExXC90ZWFtLmpwZWcifQ%3D%3D\">\n\t\t\t\t\t\t\t<img fetchpriority=\"high\" decoding=\"async\" width=\"640\" height=\"480\" src=\"https:\/\/cruzbarbershop2020.com\/wp-content\/uploads\/2024\/11\/team-1024x768.jpeg\" class=\"attachment-large size-large wp-image-1368\" alt=\"Team\" srcset=\"https:\/\/cruzbarbershop2020.com\/wp-content\/uploads\/2024\/11\/team-1024x768.jpeg 1024w, https:\/\/cruzbarbershop2020.com\/wp-content\/uploads\/2024\/11\/team-300x225.jpeg 300w, https:\/\/cruzbarbershop2020.com\/wp-content\/uploads\/2024\/11\/team-768x576.jpeg 768w, https:\/\/cruzbarbershop2020.com\/wp-content\/uploads\/2024\/11\/team-16x12.jpeg 16w, https:\/\/cruzbarbershop2020.com\/wp-content\/uploads\/2024\/11\/team.jpeg 1280w\" sizes=\"(max-width: 640px) 100vw, 640px\" \/>\t\t\t\t\t\t\t\t<\/a>\n\t\t\t\t\t\t\t\t\t\t\t\t\t<\/div>\n\t\t\t\t<\/div>\n\t\t\t\t\t<\/div>\n\t\t<\/div>\n\t\t\t\t\t<\/div>\n\t\t<\/section>\n\t\t\t\t<section class=\"elementor-section elementor-top-section elementor-element elementor-element-6b522608 elementor-section-boxed elementor-section-height-default elementor-section-height-default\" data-id=\"6b522608\" data-element_type=\"section\" data-settings=\"{&quot;background_background&quot;:&quot;classic&quot;}\">\n\t\t\t\t\t\t\t<div class=\"elementor-background-overlay\"><\/div>\n\t\t\t\t\t\t\t<div class=\"elementor-container elementor-column-gap-default\">\n\t\t\t\t\t<div class=\"elementor-column elementor-col-100 elementor-top-column elementor-element elementor-element-7df28048\" data-id=\"7df28048\" data-element_type=\"column\">\n\t\t\t<div class=\"elementor-widget-wrap elementor-element-populated\">\n\t\t\t\t\t\t<div class=\"elementor-element elementor-element-6555f7c2 elementor-widget elementor-widget-heading bdevs-el heading\" data-id=\"6555f7c2\" data-element_type=\"widget\" data-settings=\"{&quot;design_style&quot;:&quot;style_1&quot;}\" data-widget_type=\"heading.default\">\n\t\t\t\t<div class=\"elementor-widget-container\">\n\t\t\t\n        \t\t    <div class=\"section-title\">\n\t\t\t    \t\t\t        <span class=\"small-title\">\n\t\t\t\t\t    Nuestros Horarios\t\t\t\t    <\/span>\n\t\t\t    \n\t\t\t    <h2 class=\"title-heading d-block\">Horario de Atenci\u00f3n <\/h2>\t\t\t\t\t\t\t        <img decoding=\"async\" src=\"https:\/\/cruzbarbershop2020.com\/wp-content\/uploads\/2023\/08\/sep.png\" alt=\"Cruz Barber Shop - Separator\">\n\t\t\t\t\t\t    <\/div>\n        \n        \t\t<\/div>\n\t\t\t\t<\/div>\n\t\t\t\t<div class=\"elementor-element elementor-element-3514f7b elementor-widget elementor-widget-text-editor\" data-id=\"3514f7b\" data-element_type=\"widget\" data-widget_type=\"text-editor.default\">\n\t\t\t\t<div class=\"elementor-widget-container\">\n\t\t\t\t\t\t\tNos adaptamos a tu agenda. En Cruz Barber Shop, te atendemos con estilo y conveniencia. Descubre nuestros horarios flexibles para brindarte el mejor servicio, cuando m\u00e1s lo necesitas.\t\t\t\t\t\t<\/div>\n\t\t\t\t<\/div>\n\t\t\t\t<section class=\"elementor-section elementor-inner-section elementor-element elementor-element-2401a9e elementor-section-boxed elementor-section-height-default elementor-section-height-default\" data-id=\"2401a9e\" data-element_type=\"section\">\n\t\t\t\t\t\t<div class=\"elementor-container elementor-column-gap-default\">\n\t\t\t\t\t<div class=\"elementor-column elementor-col-100 elementor-inner-column elementor-element elementor-element-3692170\" data-id=\"3692170\" data-element_type=\"column\">\n\t\t\t<div class=\"elementor-widget-wrap elementor-element-populated\">\n\t\t\t\t\t\t<div class=\"elementor-element elementor-element-37f37da elementor-widget__width-initial elementor-widget elementor-widget-text-editor\" data-id=\"37f37da\" data-element_type=\"widget\" data-widget_type=\"text-editor.default\">\n\t\t\t\t<div class=\"elementor-widget-container\">\n\t\t\t\t\t\t\t<div class=\"ds_day\">LUN<\/div><div class=\"ds_whours\">9:00 AM<br \/>8:00 PM<\/div>\t\t\t\t\t\t<\/div>\n\t\t\t\t<\/div>\n\t\t\t\t<div class=\"elementor-element elementor-element-19a4dc2 elementor-widget__width-initial elementor-widget elementor-widget-text-editor\" data-id=\"19a4dc2\" data-element_type=\"widget\" data-widget_type=\"text-editor.default\">\n\t\t\t\t<div class=\"elementor-widget-container\">\n\t\t\t\t\t\t\t<div class=\"ds_day\">MAR<\/div><div class=\"ds_whours\">9:00 AM<br \/>8:00 PM<\/div>\t\t\t\t\t\t<\/div>\n\t\t\t\t<\/div>\n\t\t\t\t<div class=\"elementor-element elementor-element-e37e47f elementor-widget__width-initial elementor-widget elementor-widget-text-editor\" data-id=\"e37e47f\" data-element_type=\"widget\" data-widget_type=\"text-editor.default\">\n\t\t\t\t<div class=\"elementor-widget-container\">\n\t\t\t\t\t\t\t<div class=\"ds_day\">MIE<\/div><div class=\"ds_whours\">9:00 AM<br \/>8:00 PM<\/div>\t\t\t\t\t\t<\/div>\n\t\t\t\t<\/div>\n\t\t\t\t<div class=\"elementor-element elementor-element-f329286 elementor-widget__width-initial elementor-widget elementor-widget-text-editor\" data-id=\"f329286\" data-element_type=\"widget\" data-widget_type=\"text-editor.default\">\n\t\t\t\t<div class=\"elementor-widget-container\">\n\t\t\t\t\t\t\t<div class=\"ds_day\">Jue<\/div><div class=\"ds_whours\">9:00 AM<br \/>8:00 PM<\/div>\t\t\t\t\t\t<\/div>\n\t\t\t\t<\/div>\n\t\t\t\t<div class=\"elementor-element elementor-element-bf09e64 elementor-widget__width-initial elementor-widget elementor-widget-text-editor\" data-id=\"bf09e64\" data-element_type=\"widget\" data-widget_type=\"text-editor.default\">\n\t\t\t\t<div class=\"elementor-widget-container\">\n\t\t\t\t\t\t\t<div class=\"ds_day\">Vie<\/div><div class=\"ds_whours\">9:00 AM<br \/>8:00 PM<\/div>\t\t\t\t\t\t<\/div>\n\t\t\t\t<\/div>\n\t\t\t\t<div class=\"elementor-element elementor-element-e0f883c elementor-widget__width-initial elementor-widget elementor-widget-text-editor\" data-id=\"e0f883c\" data-element_type=\"widget\" data-widget_type=\"text-editor.default\">\n\t\t\t\t<div class=\"elementor-widget-container\">\n\t\t\t\t\t\t\t<div class=\"ds_day\">Sab<\/div><div class=\"ds_whours\">8:00 AM<br \/>8:00 PM<\/div>\t\t\t\t\t\t<\/div>\n\t\t\t\t<\/div>\n\t\t\t\t<div class=\"elementor-element elementor-element-9939979 elementor-widget__width-initial elementor-widget elementor-widget-text-editor\" data-id=\"9939979\" data-element_type=\"widget\" data-widget_type=\"text-editor.default\">\n\t\t\t\t<div class=\"elementor-widget-container\">\n\t\t\t\t\t\t\t<div class=\"ds_day\">Dom<\/div><div class=\"ds_whours\">10:00 AM<br \/>5:00 PM<\/div>\t\t\t\t\t\t<\/div>\n\t\t\t\t<\/div>\n\t\t\t\t\t<\/div>\n\t\t<\/div>\n\t\t\t\t\t<\/div>\n\t\t<\/section>\n\t\t\t\t\t<\/div>\n\t\t<\/div>\n\t\t\t\t\t<\/div>\n\t\t<\/section>\n\t\t\t\t<section class=\"elementor-section elementor-top-section elementor-element elementor-element-51065871 elementor-section-full_width elementor-section-height-default elementor-section-height-default\" data-id=\"51065871\" data-element_type=\"section\">\n\t\t\t\t\t\t<div class=\"elementor-container elementor-column-gap-no\">\n\t\t\t\t\t<div class=\"elementor-column elementor-col-100 elementor-top-column elementor-element elementor-element-764637aa\" data-id=\"764637aa\" data-element_type=\"column\">\n\t\t\t<div class=\"elementor-widget-wrap elementor-element-populated\">\n\t\t\t\t\t\t<div class=\"elementor-element elementor-element-2c7c844a elementor-widget elementor-widget-video_info bdevs-el video_info\" data-id=\"2c7c844a\" data-element_type=\"widget\" data-settings=\"{&quot;design_style&quot;:&quot;style_3&quot;}\" data-widget_type=\"video_info.default\">\n\t\t\t\t<div class=\"elementor-widget-container\">\n\t\t\t\t\t\t\t<section class=\"video-intro pt-80 pb-50\">\n\t\t\t<div class=\"container\">\n\t\t\t\t<div class=\"row\">\n\t\t\t\t\t<div class=\"col-xl-6 col-lg-6 col-md-12\">\n\t\t\t\t\t\t<div class=\"section-title\">\n\t\t\t\t\t\t\t\t\t\t\t\t\t\t\t<span class=\"small-title intro\">\n\t\t\t\t\t\t\t\t    Por qu\u00e9 elegirnos\t\t\t\t\t\t\t        <\/span>\n\t\t\t\t\t\t\t\t\t\t\t\t\t\t\t\t\t\t\t\t\t\t<h1>Estilos de cabello m\u00e1s solicitados<\/h1>\n\t\t\t\t\t\t\t\t\t\t\t\t\t<\/div>\n\t\t\t\t\t\t<div class=\"intro-content mb-30\">\n\t\t\t\t\t\t\t\n\t\t\t\t\t\t\t\t\t\t\t\t\t\t\t<div>\n\t\t\t\t\t\t\t\t\t<ul>\n\t\t\t\t\t\t\t\t\t\t\t\t\t\t\t\t\t\t\t\t\t<li>\n\t\t\t\t\t\t\t\t\t\t\t\t<i class=\"fas fa-check\"><\/i>\n\t\t\t\t\t\t\t\t\t\t\t\t<span>Corte de Cabello para Ni\u00f1os<\/span>\n\t\t\t\t\t\t\t\t\t\t\t<\/li>\n\t\t\t\t\t\t\t\t\t\t\t\t\t\t\t\t\t\t\t\t\t<li>\n\t\t\t\t\t\t\t\t\t\t\t\t<i class=\"fas fa-check\"><\/i>\n\t\t\t\t\t\t\t\t\t\t\t\t<span>Corte de Cabello para Hombre<\/span>\n\t\t\t\t\t\t\t\t\t\t\t<\/li>\n\t\t\t\t\t\t\t\t\t\t\t\t\t\t\t\t\t\t\t\t\t<li>\n\t\t\t\t\t\t\t\t\t\t\t\t<i class=\"fas fa-check\"><\/i>\n\t\t\t\t\t\t\t\t\t\t\t\t<span>Coloramiento de Cabello<\/span>\n\t\t\t\t\t\t\t\t\t\t\t<\/li>\n\t\t\t\t\t\t\t\t\t\t\t\t\t\t\t\t\t\t\t\t\t<li>\n\t\t\t\t\t\t\t\t\t\t\t\t<i class=\"fas fa-check\"><\/i>\n\t\t\t\t\t\t\t\t\t\t\t\t<span>Rayos Parciales<\/span>\n\t\t\t\t\t\t\t\t\t\t\t<\/li>\n\t\t\t\t\t\t\t\t\t\t\t\t\t\t\t\t\t\t\t\t\t<li>\n\t\t\t\t\t\t\t\t\t\t\t\t<i class=\"fas fa-check\"><\/i>\n\t\t\t\t\t\t\t\t\t\t\t\t<span>Tratamiento de Relajaci\u00f3n Capilar<\/span>\n\t\t\t\t\t\t\t\t\t\t\t<\/li>\n\t\t\t\t\t\t\t\t\t\t\t\t\t\t\t\t\t\t\t\t\t<li>\n\t\t\t\t\t\t\t\t\t\t\t\t<i class=\"fas fa-check\"><\/i>\n\t\t\t\t\t\t\t\t\t\t\t\t<span>Dar Forma Cabello<\/span>\n\t\t\t\t\t\t\t\t\t\t\t<\/li>\n\t\t\t\t\t\t\t\t\t\t\t\t\t\t\t\t\t\t\t<\/ul>\n\t\t\t\t\t\t\t\t<\/div>\n\t\t\t\t\t\t\t\t\t\t\t\t\t\t<div class=\"both\">\n\t\t\t\t\t\t\t\t\t\t\t\t\t\t\t\t\t\t<a class=\"pink-btn btn--link btn--icon-after\" href=\"\/es\/servicios\/\"><span class=\"btn-text\">Ver Nuestros Servicios<\/span><\/a>\n\t\t\t\t\t\t\t\t\t\t\t\t\t\t\t\t<\/div>\n\t\t\t\t\t\t<\/div>\n\t\t\t\t\t<\/div>\n\t\t\t\t\t\t\t\t\t\t\t<div class=\"col-xl-6 col-lg-6 col-md-12\">\n\t\t\t\t\t\t\t<div class=\"intro-img mt-75 mb-30\">\n\t\t\t\t\t\t\t\t<img decoding=\"async\" src=\"https:\/\/cruzbarbershop2020.com\/wp-content\/uploads\/2023\/08\/video-1024x872.jpeg\" alt=\"Cruz Barber Shop\">\n\t\t\t\t\t\t\t\t<a aria-label=\"Video Popup\" class=\"popup-video\" href=\"https:\/\/www.youtube.com\/watch?v=OXmHhAuqlss\" rel=\"noopener\">\n\t\t\t\t\t\t\t\t\t<i class=\"fas fa-play\"><\/i>\n\t\t\t\t\t\t\t\t<\/a>\n\t\t\t\t\t\t\t<\/div>\n\t\t\t\t\t\t<\/div>\n\t\t\t\t\t\t\t\t\t<\/div>\n\t\t\t<\/div>\n\t\t<\/section>\n\t\t\t\t\t<\/div>\n\t\t\t\t<\/div>\n\t\t\t\t\t<\/div>\n\t\t<\/div>\n\t\t\t\t\t<\/div>\n\t\t<\/section>\n\t\t\t\t<section class=\"elementor-section elementor-top-section elementor-element elementor-element-4c644e2 elementor-section-boxed elementor-section-height-default elementor-section-height-default\" data-id=\"4c644e2\" data-element_type=\"section\">\n\t\t\t\t\t\t<div class=\"elementor-container elementor-column-gap-default\">\n\t\t\t\t\t<div class=\"elementor-column elementor-col-100 elementor-top-column elementor-element elementor-element-9bce061\" data-id=\"9bce061\" data-element_type=\"column\">\n\t\t\t<div class=\"elementor-widget-wrap elementor-element-populated\">\n\t\t\t\t\t\t<div class=\"elementor-element elementor-element-9381201 elementor-widget elementor-widget-heading bdevs-el heading\" data-id=\"9381201\" data-element_type=\"widget\" data-settings=\"{&quot;design_style&quot;:&quot;style_1&quot;}\" data-widget_type=\"heading.default\">\n\t\t\t\t<div class=\"elementor-widget-container\">\n\t\t\t\n        \t\t    <div class=\"section-title\">\n\t\t\t    \t\t\t        <span class=\"small-title\">\n\t\t\t\t\t    Lo que dicen nuestros clientes\t\t\t\t    <\/span>\n\t\t\t    \n\t\t\t    <h2 class=\"title-heading d-block\">Testimonios<\/h2>\t\t\t\t\t\t\t        <img decoding=\"async\" src=\"https:\/\/cruzbarbershop2020.com\/wp-content\/uploads\/2023\/08\/sep.png\" alt=\"Cruz Barber Shop - Separator\">\n\t\t\t\t\t\t    <\/div>\n        \n        \t\t<\/div>\n\t\t\t\t<\/div>\n\t\t\t\t<div class=\"elementor-element elementor-element-d9c2e8b elementor-widget elementor-widget-text-editor\" data-id=\"d9c2e8b\" data-element_type=\"widget\" data-widget_type=\"text-editor.default\">\n\t\t\t\t<div class=\"elementor-widget-container\">\n\t\t\t\t\t\t\tClientes felices, cortes impecables. En Cruz Barber Shop, nuestra pasi\u00f3n por la excelencia en la barber\u00eda se refleja en las palabras de quienes conf\u00edan en nosotros. Descubre historias de transformaci\u00f3n y satisfacci\u00f3n.\t\t\t\t\t\t<\/div>\n\t\t\t\t<\/div>\n\t\t\t\t<div class=\"elementor-element elementor-element-b58eaca home-rev elementor-widget elementor-widget-bizreview-google\" data-id=\"b58eaca\" data-element_type=\"widget\" data-widget_type=\"bizreview-google.default\">\n\t\t\t\t<div class=\"elementor-widget-container\">\n\t\t\t         <section class=\"review-section\" style=\"padding-top: 50px; padding-bottom: 50px;background-color: #fff\">\n         <div class=\"biz-container\">\n         <div class=\"biz-row\">\n                        <div class=\"bt-slide-1 bt-mid-control owl-carousel owl-theme\">\n\n                              \n               <div class=\"biz-col-sm-12\">\n                  <div class=\"white-bg bt-shadow-1 p-35px m-15px-t m-15px-b\">\n                     <div class=\"biz-row\">\n                                          <div class=\"biz-col-md-auto m-15px-b\">\n                        <div class=\"bt-avater bt-avater-circle bt-overflow-hidden bt-shadow-2\">\n                           <img decoding=\"async\" src=\"https:\/\/lh3.googleusercontent.com\/a-\/AD_cMMS_to-Ej9IfA2D3Bb1UTDbqC5DYyDUORxQiuh7-5L1y9Yw=s128-c0x00000000-cc-rp-mo\" alt=\"Klahead Paniura condori\"\/>\n                        <\/div>\n                     <\/div>\n                     \n                        <div class=\"biz-col-md-auto d-flex align-items-center\">\n                           <div class=\"bt-testimonial-grid-title-address\">\n                                                               <span class=\"bt-testimonial-grid-title bt-no-margin\">Klahead Paniura condori<\/span>\n                                                            <p class=\"bt-testimonial-address bt-no-margin\">\n                                 Hace 10 meses via Google                              <\/p>\n                           <\/div>\n                        <\/div>\n                        <div class=\"col d-flex align-items-center text-left m-15px-b\">\n                           <div class=\"bt-rattings color-google\">\n                              <i class=\"fas fa-star\"><\/i><i class=\"fas fa-star\"><\/i><i class=\"fas fa-star\"><\/i><i class=\"fas fa-star\"><\/i><i class=\"fas fa-star\"><\/i>                           <\/div>\n                        <\/div>\n                     <\/div>\n                                          <div class=\"bt-testimonial-text\">\n                        <p class=\"biz-review-more\">Muy bueno<\/p>\n                     <\/div>\n                                       <\/div>\n               <\/div>\n            \n\n                           \n               <div class=\"biz-col-sm-12\">\n                  <div class=\"white-bg bt-shadow-1 p-35px m-15px-t m-15px-b\">\n                     <div class=\"biz-row\">\n                                          <div class=\"biz-col-md-auto m-15px-b\">\n                        <div class=\"bt-avater bt-avater-circle bt-overflow-hidden bt-shadow-2\">\n                           <img decoding=\"async\" src=\"https:\/\/lh3.googleusercontent.com\/a\/AAcHTtf5yrSZdfyMIFgD9E3VusNK62o9jzL3US258z8uGgjg=s128-c0x00000000-cc-rp-mo-ba2\" alt=\"Carlos Alberto Mejia L\u00f3pez\"\/>\n                        <\/div>\n                     <\/div>\n                     \n                        <div class=\"biz-col-md-auto d-flex align-items-center\">\n                           <div class=\"bt-testimonial-grid-title-address\">\n                                                               <span class=\"bt-testimonial-grid-title bt-no-margin\">Carlos Alberto Mejia L\u00f3pez<\/span>\n                                                            <p class=\"bt-testimonial-address bt-no-margin\">\n                                 Hace un a\u00f1o via Google                              <\/p>\n                           <\/div>\n                        <\/div>\n                        <div class=\"col d-flex align-items-center text-left m-15px-b\">\n                           <div class=\"bt-rattings color-google\">\n                              <i class=\"fas fa-star\"><\/i><i class=\"fas fa-star\"><\/i><i class=\"fas fa-star\"><\/i><i class=\"fas fa-star\"><\/i><i class=\"fas fa-star\"><\/i>                           <\/div>\n                        <\/div>\n                     <\/div>\n                                          <div class=\"bt-testimonial-text\">\n                        <p class=\"biz-review-more\">Pues como pido mi corte as\u00ed se me lo asen<\/p>\n                     <\/div>\n                                       <\/div>\n               <\/div>\n            \n\n            \n               <\/div>\n            \n         <\/div>\n         <\/div>\n         <\/section>\n\n      \t\t<\/div>\n\t\t\t\t<\/div>\n\t\t\t\t\t<\/div>\n\t\t<\/div>\n\t\t\t\t\t<\/div>\n\t\t<\/section>\n\t\t\t\t<\/div>","protected":false},"excerpt":{"rendered":"<p>Acerca de Cruz Barber Shop Un Lugar Perfecto Desde Cruz Barber Shop damos la bienvenida a todos nuestros clientes para que vengan y obtengan un gran servicio. Un gran ambiente amistoso, con incre\u00edbles peluqueros profesionales. Nuestros Horarios Horario de Atenci\u00f3n Nos adaptamos a tu agenda. En Cruz Barber Shop, te atendemos con estilo y conveniencia. [&hellip;]<\/p>","protected":false},"author":2,"featured_media":1118,"parent":0,"menu_order":0,"comment_status":"closed","ping_status":"closed","template":"elementor_header_footer","meta":{"_acf_changed":false,"footnotes":""},"class_list":["post-782","page","type-page","status-publish","has-post-thumbnail","hentry"],"acf":[],"_links":{"self":[{"href":"https:\/\/cruzbarbershop2020.com\/es\/wp-json\/wp\/v2\/pages\/782","targetHints":{"allow":["GET"]}}],"collection":[{"href":"https:\/\/cruzbarbershop2020.com\/es\/wp-json\/wp\/v2\/pages"}],"about":[{"href":"https:\/\/cruzbarbershop2020.com\/es\/wp-json\/wp\/v2\/types\/page"}],"author":[{"embeddable":true,"href":"https:\/\/cruzbarbershop2020.com\/es\/wp-json\/wp\/v2\/users\/2"}],"replies":[{"embeddable":true,"href":"https:\/\/cruzbarbershop2020.com\/es\/wp-json\/wp\/v2\/comments?post=782"}],"version-history":[{"count":0,"href":"https:\/\/cruzbarbershop2020.com\/es\/wp-json\/wp\/v2\/pages\/782\/revisions"}],"wp:featuredmedia":[{"embeddable":true,"href":"https:\/\/cruzbarbershop2020.com\/es\/wp-json\/wp\/v2\/media\/1118"}],"wp:attachment":[{"href":"https:\/\/cruzbarbershop2020.com\/es\/wp-json\/wp\/v2\/media?parent=782"}],"curies":[{"name":"wp","href":"https:\/\/api.w.org\/{rel}","templated":true}]}}